{"id":768,"date":"2023-12-27T08:07:40","date_gmt":"2023-12-27T08:07:40","guid":{"rendered":"http:\/\/mersinhavaifisek.com\/?page_id=768"},"modified":"2023-12-27T08:08:20","modified_gmt":"2023-12-27T08:08:20","slug":"iade-ve-teslimat-politikasi","status":"publish","type":"page","link":"http:\/\/mersinhavaifisek.com\/?page_id=768","title":{"rendered":"\u00d6deme, \u0130ade ve Teslimat Politikas\u0131"},"content":{"rendered":"<p><strong>\u0130ADE \u015eARTLARI<\/strong><\/p>\n<p>&nbsp;<\/p>\n<p>Al\u0131\u015fveri\u015f sitemizden verdi\u011finiz sipari\u015flerinizin t\u00fcm\u00fc siz m\u00fc\u015fterilerimize kargo arac\u0131l\u0131\u011f\u0131 ile teslim edilmektedir.<\/p>\n<p>&nbsp;<\/p>\n<p>Sipari\u015finizin durumunu \u00dcye giri\u015fi \/ Sipari\u015flerim sayfas\u0131ndan kontrol edebilirsiniz. Sipari\u015flerim sayfas\u0131ndan sipari\u015f numaran\u0131z\u0131, kargo bilgisini ve takip numaran\u0131z\u0131 g\u00f6rebilirsiniz. G\u00f6nderildi durumunda g\u00f6r\u00fcnen sipari\u015flerinizin kargo takip numaras\u0131 bir s\u00fcre sonra yans\u0131maktad\u0131r.<\/p>\n<p>&nbsp;<\/p>\n<p>Sipari\u015finizi teslim al\u0131rken dikkat etmeniz gereken hususlar;<\/p>\n<p>&nbsp;<\/p>\n<p>Sitemizden verdi\u011finiz sipari\u015finizde bulunan \u00fcr\u00fcnler size ula\u015ft\u0131\u011f\u0131nda sipari\u015f verilen \u00fcr\u00fcn\u00fc teslim i\u00e7in gelen kargo g\u00f6revlisi yan\u0131n\u0131zdayken; sipari\u015f verdi\u011finiz \u00fcr\u00fcnle, size teslim edilen \u00fcr\u00fcn\u00fcn kod numaralar\u0131n\u0131n tutup tutmad\u0131\u011f\u0131n\u0131 kontrol ederek, \u00fcr\u00fcn\u00fc teslim al\u0131n\u0131z.<\/p>\n<p>&nbsp;<\/p>\n<p>Sat\u0131\u015f\u0131n\u0131 yapmakta oldu\u011fumuz t\u00fcm \u00fcr\u00fcnleri, siz de\u011ferli m\u00fc\u015fterilerimize ula\u015ft\u0131r\u0131lmak \u00fczere sat\u0131c\u0131 firmalardan al\u0131nmas\u0131 ve kargo firmas\u0131na teslim edilmek \u00fczere paketlenmesi ve haz\u0131rlanmas\u0131 an\u0131nda hasar kontrol\u00fcnden ge\u00e7irmekteyiz. Firmam\u0131zdan hi\u00e7bir \u00fcr\u00fcn\u00fcn hasarl\u0131 olarak g\u00f6nderim yap\u0131lma ihtimali yoktur. Fakat niteli\u011fi itibariyle (cam e\u015fya, elektrikli cihazlar gibi k\u0131r\u0131lgan yap\u0131ya sahip \u00fcr\u00fcnler vb.) hassas \u00fcr\u00fcnler, direkt ta\u015f\u0131ma esnas\u0131nda d\u00fc\u015f\u00fcr\u00fclebilmekte veya kargo y\u00fcklemesinden kaynaklanan hasarlar olabilmektedir. Bu tip durumlarda yapman\u0131z gerekenler;<\/p>\n<p>&nbsp;<\/p>\n<p><strong>Kargo paketini nas\u0131l teslim almal\u0131y\u0131m?<\/strong><\/p>\n<p>&nbsp;<\/p>\n<p>Sipari\u015finiz kargo g\u00f6revlisi taraf\u0131ndan size ula\u015ft\u0131r\u0131ld\u0131\u011f\u0131nda teslim almadan \u00f6nce mutlaka d\u0131\u015f pakette hasar kontrol\u00fc yap\u0131n\u0131z ve kutuda herhangi bir hasar, y\u0131rt\u0131k ve ezilme s\u00f6z konusu olmas\u0131 durumunda teslimatla ilgili hi\u00e7 bir belgeyi imzalamadan kargo yetkilisine \u201cHasar Tespit Tutana\u011f\u0131\u201d haz\u0131rlamas\u0131 y\u00f6n\u00fcnde uyar\u0131n\u0131z. \u201cHasar Tespit Tutana\u011f\u0131\u201d kargo g\u00f6revlisi ile kar\u015f\u0131l\u0131kl\u0131 olarak g\u00fcn ve saat belirterek imzalanarak, Hasarl\u0131 kolinizi tutulan tutanakla beraber bir n\u00fcshas\u0131n\u0131 da siz alarak kargo g\u00f6revlisine iade ediniz. Konu ile ilgili bize bilgi vererek size taraf\u0131m\u0131zdan yeni \u00fcr\u00fcn\u00fcn derhal g\u00f6nderilmesini talep edebilirsiniz.<\/p>\n<p>&nbsp;<\/p>\n<p>Kargo firmas\u0131 paketi teslim ettikten sonra kutunun ezik, y\u0131rt\u0131k veya darbeli oldu\u011funu fark ettik ne yapmal\u0131y\u0131z?<\/p>\n<p>&nbsp;<\/p>\n<p>Kargo firmas\u0131n\u0131n g\u00f6revi internet sitemizden yapt\u0131\u011f\u0131n\u0131z al\u0131\u015fveri\u015fi g\u00fcvenli bir ta\u015f\u0131mac\u0131l\u0131k sunarak do\u011fru ki\u015fiye g\u00fcvenle teslim etmektir. Sipari\u015finizi teslim ald\u0131ktan sonra fark etti\u011finiz hasar durumlar\u0131nda;firmam\u0131z sorumlu de\u011fildir.<\/p>\n<p>&nbsp;<\/p>\n<p>&nbsp;<\/p>\n<p><strong>\u00d6DEME VE TESL\u0130MAT<\/strong><\/p>\n<p>&nbsp;<\/p>\n<ol>\n<li><strong> Kargo ve Sevkiyat G\u00fcvencesi<\/strong><\/li>\n<\/ol>\n<p>&nbsp;<\/p>\n<p>T\u00fcm sipari\u015fleriniz g\u00fcvenli paketlerdedir.\u00dcr\u00fcnlerinizin kutusu \u00fczerinde gerekli bilgiler yazmaktad\u0131r.<\/p>\n<p>&nbsp;<\/p>\n<p><strong>2.Sevkiyat<\/strong><\/p>\n<p>&nbsp;<\/p>\n<p>H\u0131zl\u0131 g\u00f6nderi olarak belirtilen \u00fcr\u00fcnler d\u0131\u015f\u0131nda e\u011fer sipari\u015finiz \u00e7al\u0131\u015fma saatleri d\u0131\u015f\u0131nda gelirse sipari\u015fi takip eden ilk 3 (\u00fc\u00e7) \u00e7al\u0131\u015fma g\u00fcn\u00fcnde y\u00fcklenir. \u00dcr\u00fcnlerin taraf\u0131n\u0131za kargolanabilmesi i\u00e7in \u00fcr\u00fcnler ile ilgili gerekli \u00f6deme i\u015flemlerinin taraf\u0131n\u0131zca tamamlanm\u0131\u015f olmas\u0131 gerekmektedir.<\/p>\n<p>&nbsp;<\/p>\n<p><strong>3.Gizlilik<\/strong><\/p>\n<p>&nbsp;<\/p>\n<p>\u00dcr\u00fcnlerinizi teslim ald\u0131\u011f\u0131n\u0131z\u0131 takip etmemiz i\u00e7in teslimat s\u0131ras\u0131nda sadece imzan\u0131z gerekmektedir. E\u011fer kargo geldi\u011finde adreste yoksan\u0131z sak\u0131n merak etmeyin. Kargonuzu alman\u0131z gereken yerin adresi kap\u0131n\u0131za not olarak b\u0131rak\u0131lacakt\u0131r. Kargonuzu alamaman\u0131z durumunda, sipari\u015finiz a\u015fa\u011f\u0131 yukar\u0131 1 (bir) hafta sonras\u0131nda tekrar taraf\u0131m\u0131za geri kargolanacakt\u0131r.<\/p>\n<p>&nbsp;<\/p>\n<p><strong>4.Teslimat ve \u00dccretlendirme<\/strong><\/p>\n<p>&nbsp;<\/p>\n<p>\u00dcr\u00fcnlerinizi sipari\u015f etti\u011finizde sistem taraf\u0131ndan otomatik olarak ald\u011f\u0131n\u0131z \u00fcr\u00fcn\u00fcn ve bulundu\u011funuz b\u00f6lgenin etkisine ba\u011fl\u0131 olarak al\u0131\u015fveri\u015f s\u0131ras\u0131nda sizlere\u00a0 kargo \u00fccreti bilgisi g\u00f6sterilecek ve kargo \u00fccreti sizden tahsil edilip kendi firmam\u0131z\u0131n anla\u015fmal\u0131 kargo firmas\u0131 ile olan anla\u015fmas\u0131 ile size ula\u015ft\u0131r\u0131lacakt\u0131r. Belirdi d\u00f6nem ve kampanyalara g\u00f6re \u00fccretsiz kargo hizmeti taraf\u0131m\u0131zca sunulabilmektedir. Bu uygulama sadece T\u00fcrkiye i\u00e7ine ge\u00e7erli olup T\u00fcrkiye d\u0131\u015f\u0131 ve KKTC ye g\u00f6nderilen \u00fcr\u00fcnlerde ge\u00e7ersiz k\u0131l\u0131nacak ve m\u00fc\u015fteriden yurtd\u0131\u015f\u0131 \u00fccretlendirme tarifesine g\u00f6re \u00fccret al\u0131nacakt\u0131r.<\/p>\n","protected":false},"excerpt":{"rendered":"<p>\u0130ADE \u015eARTLARI &nbsp; Al\u0131\u015fveri\u015f sitemizden verdi\u011finiz sipari\u015flerinizin t\u00fcm\u00fc siz m\u00fc\u015fterilerimize kargo arac\u0131l\u0131\u011f\u0131 ile teslim edilmektedir. &nbsp; Sipari\u015finizin durumunu \u00dcye giri\u015fi \/ Sipari\u015flerim sayfas\u0131ndan kontrol edebilirsiniz. Sipari\u015flerim sayfas\u0131ndan sipari\u015f numaran\u0131z\u0131, kargo bilgisini ve takip numaran\u0131z\u0131 g\u00f6rebilirsiniz. G\u00f6nderildi durumunda g\u00f6r\u00fcnen sipari\u015flerinizin kargo takip numaras\u0131 bir s\u00fcre sonra yans\u0131maktad\u0131r. &nbsp; Sipari\u015finizi teslim al\u0131rken dikkat etmeniz gereken hususlar; &nbsp;&#8230;<\/p>\n","protected":false},"author":1,"featured_media":0,"parent":0,"menu_order":0,"comment_status":"closed","ping_status":"closed","template":"","meta":{"_kad_post_transparent":"default","_kad_post_title":"default","_kad_post_layout":"default","_kad_post_sidebar_id":"","_kad_post_content_style":"default","_kad_post_vertical_padding":"default","_kad_post_feature":"","_kad_post_feature_position":"","_kad_post_header":false,"_kad_post_footer":false,"footnotes":""},"class_list":["post-768","page","type-page","status-publish","hentry"],"yoast_head":"<!-- This site is optimized with the Yoast SEO plugin v19.9 - https:\/\/yoast.com\/wordpress\/plugins\/seo\/ -->\n<title>\u00d6deme, \u0130ade ve Teslimat Politikas\u0131 - Mersin Havai Fi\u015fek - 0532 627 46 99<\/title>\n<meta name=\"robots\" content=\"index, follow, max-snippet:-1, max-image-preview:large, max-video-preview:-1\" \/>\n<link rel=\"canonical\" href=\"http:\/\/mersinhavaifisek.com\/?page_id=768\" \/>\n<meta property=\"og:locale\" content=\"tr_TR\" \/>\n<meta property=\"og:type\" content=\"article\" \/>\n<meta property=\"og:title\" content=\"\u00d6deme, \u0130ade ve Teslimat Politikas\u0131 - Mersin Havai Fi\u015fek - 0532 627 46 99\" \/>\n<meta property=\"og:description\" content=\"\u0130ADE \u015eARTLARI &nbsp; Al\u0131\u015fveri\u015f sitemizden verdi\u011finiz sipari\u015flerinizin t\u00fcm\u00fc siz m\u00fc\u015fterilerimize kargo arac\u0131l\u0131\u011f\u0131 ile teslim edilmektedir. &nbsp; Sipari\u015finizin durumunu \u00dcye giri\u015fi \/ Sipari\u015flerim sayfas\u0131ndan kontrol edebilirsiniz. Sipari\u015flerim sayfas\u0131ndan sipari\u015f numaran\u0131z\u0131, kargo bilgisini ve takip numaran\u0131z\u0131 g\u00f6rebilirsiniz. G\u00f6nderildi durumunda g\u00f6r\u00fcnen sipari\u015flerinizin kargo takip numaras\u0131 bir s\u00fcre sonra yans\u0131maktad\u0131r. &nbsp; Sipari\u015finizi teslim al\u0131rken dikkat etmeniz gereken hususlar; &nbsp;...\" \/>\n<meta property=\"og:url\" content=\"http:\/\/mersinhavaifisek.com\/?page_id=768\" \/>\n<meta property=\"og:site_name\" content=\"Mersin Havai Fi\u015fek - 0532 627 46 99\" \/>\n<meta property=\"article:modified_time\" content=\"2023-12-27T08:08:20+00:00\" \/>\n<meta name=\"twitter:card\" content=\"summary_large_image\" \/>\n<meta name=\"twitter:label1\" content=\"Tahmini okuma s\u00fcresi\" \/>\n\t<meta name=\"twitter:data1\" content=\"3 dakika\" \/>\n<script type=\"application\/ld+json\" class=\"yoast-schema-graph\">{\"@context\":\"https:\/\/schema.org\",\"@graph\":[{\"@type\":\"WebPage\",\"@id\":\"http:\/\/mersinhavaifisek.com\/?page_id=768\",\"url\":\"http:\/\/mersinhavaifisek.com\/?page_id=768\",\"name\":\"\u00d6deme, \u0130ade ve Teslimat Politikas\u0131 - Mersin Havai Fi\u015fek - 0532 627 46 99\",\"isPartOf\":{\"@id\":\"https:\/\/mersinhavaifisek.com\/#website\"},\"datePublished\":\"2023-12-27T08:07:40+00:00\",\"dateModified\":\"2023-12-27T08:08:20+00:00\",\"breadcrumb\":{\"@id\":\"http:\/\/mersinhavaifisek.com\/?page_id=768#breadcrumb\"},\"inLanguage\":\"tr\",\"potentialAction\":[{\"@type\":\"ReadAction\",\"target\":[\"http:\/\/mersinhavaifisek.com\/?page_id=768\"]}]},{\"@type\":\"BreadcrumbList\",\"@id\":\"http:\/\/mersinhavaifisek.com\/?page_id=768#breadcrumb\",\"itemListElement\":[{\"@type\":\"ListItem\",\"position\":1,\"name\":\"Anasayfa\",\"item\":\"https:\/\/mersinhavaifisek.com\/\"},{\"@type\":\"ListItem\",\"position\":2,\"name\":\"\u00d6deme, \u0130ade ve Teslimat Politikas\u0131\"}]},{\"@type\":\"WebSite\",\"@id\":\"https:\/\/mersinhavaifisek.com\/#website\",\"url\":\"https:\/\/mersinhavaifisek.com\/\",\"name\":\"Mersin Havai Fi\u015fek - 0532 627 46 99\",\"description\":\"Balon,Toptan balon, mersinde s&uuml;s, s&uuml;sleme malzemeleri,s&uuml;sleme \u015feridi,a&ccedil;\u0131l\u0131\u015f \u015feridi, krom balon,hbk balon, kalisan balon, gemar balon,ayna balon, makaron balon,Jumbo balon, sosis balon ,balon \u015fi\u015firme pompas\u0131, mersinde y&uuml;z boyas\u0131 satan yerler, do\u011fum g&uuml;n&uuml; s&uuml;sleri, evlilik teklifi,tece de evlilik teklifi, davultepe de evlilik teklifi, mersinde evlilik teklifi &uuml;r&uuml;nleri, Mersinde evlilik teklifi yapmak istiyorum, Mezitlide evlilik teklifi malzemeleri,mersinde y\u0131lba\u015f\u0131 s&uuml;sleri, kalpli balon, mersinde kalpli mum, i&ccedil; mekan volkan , i&ccedil; mekan kokusuz dumans\u0131z volkan, toptan volkan, mk-f04 fountain, mk-f04 volkan, beyaz volkan, v38 volkan, kapal\u0131 alan i&ccedil;in volkanlar, me\u015fale, ma&ccedil; me\u015falesi,mersinde me\u015fale satan yerler, bambu me\u015fale mersin,Ven&uuml;s me\u015fale, yerta\u015f me\u015fale,renkli me\u015fale, d\u0131\u015f &ccedil;ekim i&ccedil;in sis, mersinde sis, renkli sis, mersin kandil ya\u011f\u0131, kandil yak\u0131t\u0131,troy66 volkan, silindir volkan, v10 silindir volkan, paland&ouml;ken v10 silindir volkan, mersinde harfli balon, tel maytap , pasta maytab\u0131, i&ccedil; mekan maytap, dumans\u0131z pasta maytab\u0131, torpil, mersinde kro\u015fe satan yer, ipli t&uuml;rk bayra\u011f\u0131, &ccedil;\u0131tal\u0131 bayrak, bayrakl\u0131 balon, mersinde kuru g&uuml;l yapra\u011f\u0131, konfeti, g&uuml;ll&uuml; konfeti, kalpli konfeti, mersinde konfeti, mersinde toptan konfeti,cinsiyet balonu, cinsiyet belirleme konfetisi, mersinde parti malzemeleri, pozcuda parti malzemeleri, Toroslarda parti malzemeleri, akdenizde parti malzemeleri,mezitlide parti malzemeleri, mersinde e\u011flence &uuml;r&uuml;nleri, araba s&uuml;slemek i&ccedil;in t&uuml;l, mersinde s&uuml;sleme t&uuml;l&uuml; ,mersinde iran t&uuml;l&uuml;, s&uuml;sleme elyaf\u0131, mersinde s&uuml;rpriz evlilik teklifi, evlilik teklifi i&ccedil;in gerekli malzemeler, yeni\u015fehirde parti malzemeleri, elektrikli balon pompas\u0131, sim s&uuml;s, kalpli havai fi\u015fek, mersinde havai fi\u015fek , silifkede havai fi\u015fek, erdemli de havai fi\u015fek, ta\u015fucunda havai fi\u015fek, mersinde fireworks, firework, 16 atar havai fi\u015fek, 25 li havai,fi\u015fek, 36 atar havai fi\u015fek, 49 atar havai fi\u015fek, mersinde kalpli havai fi\u015fek,kibrit ba\u015f\u0131,mersinde kibrit ba\u015f\u0131, okul s&uuml;sleme, mersinde okul s&uuml;sleme malzemeleri, mersinde kar sprey, cama yaz\u0131 yazmak i&ccedil;in kar sprey, k\u0131rm\u0131z\u0131 me\u015fale,sar\u0131 me\u015fale,beyaz me\u015fale, pembe me\u015fale, mavi me\u015fale, lacivert me\u015fale, kutlama i&ccedil;in me\u015fale, G&uuml;lnar parti malzemeleri, mut parti malzemeleri, erdemli parti malzemeleri, Silifke parti malzemeleri, mersinde bask\u0131l\u0131 balon, \u0432\u043e\u0437\u0434\u0443\u0448\u043d\u044b\u0439 \u0448\u0430\u0440, \u0432\u0435\u0441\u0435\u043b\u044c\u0435 \u0432 \u043c\u0438\u0440\u0442\u0435, \u043f\u0430\u0440\u0442\u0438\u0439\u043d\u044b\u0439 \u043c\u0430\u0442\u0435\u0440\u0438\u0430\u043b, \u0442\u043e\u0432\u0430\u0440\u044b \u0434\u043b\u044f \u0434\u043d\u044f \u0440\u043e\u0436\u0434\u0435\u043d\u0438\u044f, \u0441\u0430\u043b\u044e\u0442, al'aleab alnaaria, eard zawaj\",\"publisher\":{\"@id\":\"https:\/\/mersinhavaifisek.com\/#organization\"},\"potentialAction\":[{\"@type\":\"SearchAction\",\"target\":{\"@type\":\"EntryPoint\",\"urlTemplate\":\"https:\/\/mersinhavaifisek.com\/?s={search_term_string}\"},\"query-input\":\"required name=search_term_string\"}],\"inLanguage\":\"tr\"},{\"@type\":\"Organization\",\"@id\":\"https:\/\/mersinhavaifisek.com\/#organization\",\"name\":\"Mersin Havai Fi\u015fek - 0532 627 46 99\",\"url\":\"https:\/\/mersinhavaifisek.com\/\",\"logo\":{\"@type\":\"ImageObject\",\"inLanguage\":\"tr\",\"@id\":\"https:\/\/mersinhavaifisek.com\/#\/schema\/logo\/image\/\",\"url\":\"http:\/\/mersinhavaifisek.com\/wp-content\/uploads\/2022\/12\/logo3.png\",\"contentUrl\":\"http:\/\/mersinhavaifisek.com\/wp-content\/uploads\/2022\/12\/logo3.png\",\"width\":2315,\"height\":929,\"caption\":\"Mersin Havai Fi\u015fek - 0532 627 46 99\"},\"image\":{\"@id\":\"https:\/\/mersinhavaifisek.com\/#\/schema\/logo\/image\/\"}}]}<\/script>\n<!-- \/ Yoast SEO plugin. -->","yoast_head_json":{"title":"\u00d6deme, \u0130ade ve Teslimat Politikas\u0131 - Mersin Havai Fi\u015fek - 0532 627 46 99","robots":{"index":"index","follow":"follow","max-snippet":"max-snippet:-1","max-image-preview":"max-image-preview:large","max-video-preview":"max-video-preview:-1"},"canonical":"http:\/\/mersinhavaifisek.com\/?page_id=768","og_locale":"tr_TR","og_type":"article","og_title":"\u00d6deme, \u0130ade ve Teslimat Politikas\u0131 - Mersin Havai Fi\u015fek - 0532 627 46 99","og_description":"\u0130ADE \u015eARTLARI &nbsp; Al\u0131\u015fveri\u015f sitemizden verdi\u011finiz sipari\u015flerinizin t\u00fcm\u00fc siz m\u00fc\u015fterilerimize kargo arac\u0131l\u0131\u011f\u0131 ile teslim edilmektedir. &nbsp; Sipari\u015finizin durumunu \u00dcye giri\u015fi \/ Sipari\u015flerim sayfas\u0131ndan kontrol edebilirsiniz. Sipari\u015flerim sayfas\u0131ndan sipari\u015f numaran\u0131z\u0131, kargo bilgisini ve takip numaran\u0131z\u0131 g\u00f6rebilirsiniz. G\u00f6nderildi durumunda g\u00f6r\u00fcnen sipari\u015flerinizin kargo takip numaras\u0131 bir s\u00fcre sonra yans\u0131maktad\u0131r. &nbsp; Sipari\u015finizi teslim al\u0131rken dikkat etmeniz gereken hususlar; &nbsp;...","og_url":"http:\/\/mersinhavaifisek.com\/?page_id=768","og_site_name":"Mersin Havai Fi\u015fek - 0532 627 46 99","article_modified_time":"2023-12-27T08:08:20+00:00","twitter_card":"summary_large_image","twitter_misc":{"Tahmini okuma s\u00fcresi":"3 dakika"},"schema":{"@context":"https:\/\/schema.org","@graph":[{"@type":"WebPage","@id":"http:\/\/mersinhavaifisek.com\/?page_id=768","url":"http:\/\/mersinhavaifisek.com\/?page_id=768","name":"\u00d6deme, \u0130ade ve Teslimat Politikas\u0131 - Mersin Havai Fi\u015fek - 0532 627 46 99","isPartOf":{"@id":"https:\/\/mersinhavaifisek.com\/#website"},"datePublished":"2023-12-27T08:07:40+00:00","dateModified":"2023-12-27T08:08:20+00:00","breadcrumb":{"@id":"http:\/\/mersinhavaifisek.com\/?page_id=768#breadcrumb"},"inLanguage":"tr","potentialAction":[{"@type":"ReadAction","target":["http:\/\/mersinhavaifisek.com\/?page_id=768"]}]},{"@type":"BreadcrumbList","@id":"http:\/\/mersinhavaifisek.com\/?page_id=768#breadcrumb","itemListElement":[{"@type":"ListItem","position":1,"name":"Anasayfa","item":"https:\/\/mersinhavaifisek.com\/"},{"@type":"ListItem","position":2,"name":"\u00d6deme, \u0130ade ve Teslimat Politikas\u0131"}]},{"@type":"WebSite","@id":"https:\/\/mersinhavaifisek.com\/#website","url":"https:\/\/mersinhavaifisek.com\/","name":"Mersin Havai Fi\u015fek - 0532 627 46 99","description":"Balon,Toptan balon, mersinde s&uuml;s, s&uuml;sleme malzemeleri,s&uuml;sleme \u015feridi,a&ccedil;\u0131l\u0131\u015f \u015feridi, krom balon,hbk balon, kalisan balon, gemar balon,ayna balon, makaron balon,Jumbo balon, sosis balon ,balon \u015fi\u015firme pompas\u0131, mersinde y&uuml;z boyas\u0131 satan yerler, do\u011fum g&uuml;n&uuml; s&uuml;sleri, evlilik teklifi,tece de evlilik teklifi, davultepe de evlilik teklifi, mersinde evlilik teklifi &uuml;r&uuml;nleri, Mersinde evlilik teklifi yapmak istiyorum, Mezitlide evlilik teklifi malzemeleri,mersinde y\u0131lba\u015f\u0131 s&uuml;sleri, kalpli balon, mersinde kalpli mum, i&ccedil; mekan volkan , i&ccedil; mekan kokusuz dumans\u0131z volkan, toptan volkan, mk-f04 fountain, mk-f04 volkan, beyaz volkan, v38 volkan, kapal\u0131 alan i&ccedil;in volkanlar, me\u015fale, ma&ccedil; me\u015falesi,mersinde me\u015fale satan yerler, bambu me\u015fale mersin,Ven&uuml;s me\u015fale, yerta\u015f me\u015fale,renkli me\u015fale, d\u0131\u015f &ccedil;ekim i&ccedil;in sis, mersinde sis, renkli sis, mersin kandil ya\u011f\u0131, kandil yak\u0131t\u0131,troy66 volkan, silindir volkan, v10 silindir volkan, paland&ouml;ken v10 silindir volkan, mersinde harfli balon, tel maytap , pasta maytab\u0131, i&ccedil; mekan maytap, dumans\u0131z pasta maytab\u0131, torpil, mersinde kro\u015fe satan yer, ipli t&uuml;rk bayra\u011f\u0131, &ccedil;\u0131tal\u0131 bayrak, bayrakl\u0131 balon, mersinde kuru g&uuml;l yapra\u011f\u0131, konfeti, g&uuml;ll&uuml; konfeti, kalpli konfeti, mersinde konfeti, mersinde toptan konfeti,cinsiyet balonu, cinsiyet belirleme konfetisi, mersinde parti malzemeleri, pozcuda parti malzemeleri, Toroslarda parti malzemeleri, akdenizde parti malzemeleri,mezitlide parti malzemeleri, mersinde e\u011flence &uuml;r&uuml;nleri, araba s&uuml;slemek i&ccedil;in t&uuml;l, mersinde s&uuml;sleme t&uuml;l&uuml; ,mersinde iran t&uuml;l&uuml;, s&uuml;sleme elyaf\u0131, mersinde s&uuml;rpriz evlilik teklifi, evlilik teklifi i&ccedil;in gerekli malzemeler, yeni\u015fehirde parti malzemeleri, elektrikli balon pompas\u0131, sim s&uuml;s, kalpli havai fi\u015fek, mersinde havai fi\u015fek , silifkede havai fi\u015fek, erdemli de havai fi\u015fek, ta\u015fucunda havai fi\u015fek, mersinde fireworks, firework, 16 atar havai fi\u015fek, 25 li havai,fi\u015fek, 36 atar havai fi\u015fek, 49 atar havai fi\u015fek, mersinde kalpli havai fi\u015fek,kibrit ba\u015f\u0131,mersinde kibrit ba\u015f\u0131, okul s&uuml;sleme, mersinde okul s&uuml;sleme malzemeleri, mersinde kar sprey, cama yaz\u0131 yazmak i&ccedil;in kar sprey, k\u0131rm\u0131z\u0131 me\u015fale,sar\u0131 me\u015fale,beyaz me\u015fale, pembe me\u015fale, mavi me\u015fale, lacivert me\u015fale, kutlama i&ccedil;in me\u015fale, G&uuml;lnar parti malzemeleri, mut parti malzemeleri, erdemli parti malzemeleri, Silifke parti malzemeleri, mersinde bask\u0131l\u0131 balon, \u0432\u043e\u0437\u0434\u0443\u0448\u043d\u044b\u0439 \u0448\u0430\u0440, \u0432\u0435\u0441\u0435\u043b\u044c\u0435 \u0432 \u043c\u0438\u0440\u0442\u0435, \u043f\u0430\u0440\u0442\u0438\u0439\u043d\u044b\u0439 \u043c\u0430\u0442\u0435\u0440\u0438\u0430\u043b, \u0442\u043e\u0432\u0430\u0440\u044b \u0434\u043b\u044f \u0434\u043d\u044f \u0440\u043e\u0436\u0434\u0435\u043d\u0438\u044f, \u0441\u0430\u043b\u044e\u0442, al'aleab alnaaria, eard zawaj","publisher":{"@id":"https:\/\/mersinhavaifisek.com\/#organization"},"potentialAction":[{"@type":"SearchAction","target":{"@type":"EntryPoint","urlTemplate":"https:\/\/mersinhavaifisek.com\/?s={search_term_string}"},"query-input":"required name=search_term_string"}],"inLanguage":"tr"},{"@type":"Organization","@id":"https:\/\/mersinhavaifisek.com\/#organization","name":"Mersin Havai Fi\u015fek - 0532 627 46 99","url":"https:\/\/mersinhavaifisek.com\/","logo":{"@type":"ImageObject","inLanguage":"tr","@id":"https:\/\/mersinhavaifisek.com\/#\/schema\/logo\/image\/","url":"http:\/\/mersinhavaifisek.com\/wp-content\/uploads\/2022\/12\/logo3.png","contentUrl":"http:\/\/mersinhavaifisek.com\/wp-content\/uploads\/2022\/12\/logo3.png","width":2315,"height":929,"caption":"Mersin Havai Fi\u015fek - 0532 627 46 99"},"image":{"@id":"https:\/\/mersinhavaifisek.com\/#\/schema\/logo\/image\/"}}]}},"_links":{"self":[{"href":"http:\/\/mersinhavaifisek.com\/index.php?rest_route=\/wp\/v2\/pages\/768","targetHints":{"allow":["GET"]}}],"collection":[{"href":"http:\/\/mersinhavaifisek.com\/index.php?rest_route=\/wp\/v2\/pages"}],"about":[{"href":"http:\/\/mersinhavaifisek.com\/index.php?rest_route=\/wp\/v2\/types\/page"}],"author":[{"embeddable":true,"href":"http:\/\/mersinhavaifisek.com\/index.php?rest_route=\/wp\/v2\/users\/1"}],"replies":[{"embeddable":true,"href":"http:\/\/mersinhavaifisek.com\/index.php?rest_route=%2Fwp%2Fv2%2Fcomments&post=768"}],"version-history":[{"count":2,"href":"http:\/\/mersinhavaifisek.com\/index.php?rest_route=\/wp\/v2\/pages\/768\/revisions"}],"predecessor-version":[{"id":770,"href":"http:\/\/mersinhavaifisek.com\/index.php?rest_route=\/wp\/v2\/pages\/768\/revisions\/770"}],"wp:attachment":[{"href":"http:\/\/mersinhavaifisek.com\/index.php?rest_route=%2Fwp%2Fv2%2Fmedia&parent=768"}],"curies":[{"name":"wp","href":"https:\/\/api.w.org\/{rel}","templated":true}]}}